{"id":55,"date":"2021-05-05T16:00:03","date_gmt":"2021-05-05T16:00:03","guid":{"rendered":"https:\/\/nationality-human.net\/?page_id=55"},"modified":"2022-09-29T13:01:03","modified_gmt":"2022-09-29T13:01:03","slug":"impressum","status":"publish","type":"page","link":"https:\/\/johannes-weber.de\/praxis\/index.php\/impressum\/","title":{"rendered":"Impressum Johannes Weber"},"content":{"rendered":"<p>[et_pb_section fb_built=&#8220;1&#8243; custom_padding_last_edited=&#8220;on|desktop&#8220; admin_label=&#8220;Header&#8220; _builder_version=&#8220;4.16&#8243; background_image=&#8220;https:\/\/johannes-weber.de\/praxis\/wp-content\/uploads\/2021\/04\/psychologist-04.jpg&#8220; parallax=&#8220;on&#8220; custom_margin=&#8220;40px|40px||40px|false|true&#8220; custom_margin_tablet=&#8220;&#8220; custom_margin_phone=&#8220;20px|20px||20px|false|true&#8220; custom_margin_last_edited=&#8220;on|desktop&#8220; custom_padding=&#8220;100px|0px|0px|||&#8220; custom_padding_tablet=&#8220;40px||||false|false&#8220; custom_padding_phone=&#8220;&#8220; border_radii_phone=&#8220;on|20px|20px|20px|20px&#8220; border_radii_last_edited=&#8220;off|desktop&#8220; global_colors_info=&#8220;{}&#8220;][et_pb_row custom_padding_last_edited=&#8220;on|tablet&#8220; _builder_version=&#8220;4.16&#8243; background_enable_color=&#8220;off&#8220; background_image=&#8220;https:\/\/johannes-weber.de\/praxis\/wp-content\/uploads\/2021\/04\/psychologist-05.jpg&#8220; parallax=&#8220;on&#8220; transform_scale_tablet=&#8220;&#8220; transform_scale_phone=&#8220;&#8220; transform_scale_last_edited=&#8220;on|desktop&#8220; transform_translate=&#8220;30px|0px&#8220; transform_translate_tablet=&#8220;0px|0px&#8220; transform_translate_phone=&#8220;&#8220; transform_translate_last_edited=&#8220;on|tablet&#8220; transform_translate_linked=&#8220;off&#8220; transform_rotate_tablet=&#8220;&#8220; transform_rotate_phone=&#8220;&#8220; transform_rotate_last_edited=&#8220;on|desktop&#8220; transform_skew_tablet=&#8220;&#8220; transform_skew_phone=&#8220;&#8220; transform_skew_last_edited=&#8220;on|desktop&#8220; transform_origin_tablet=&#8220;&#8220; transform_origin_phone=&#8220;&#8220; transform_origin_last_edited=&#8220;on|desktop&#8220; transform_styles_last_edited=&#8220;on|tablet&#8220; width_tablet=&#8220;90%&#8220; width_phone=&#8220;&#8220; width_last_edited=&#8220;on|desktop&#8220; max_width=&#8220;1200px&#8220; custom_padding=&#8220;100px|60px|100px|60px|true|true&#8220; custom_padding_tablet=&#8220;60px||60px||true|true&#8220; custom_padding_phone=&#8220;40px|20px|40px|20px|true|true&#8220; transform_styles_tablet=&#8220;&#8220; transform_styles_phone=&#8220;&#8220; border_radii_phone=&#8220;off|8px|8px||&#8220; border_radii_last_edited=&#8220;off|desktop&#8220; box_shadow_style=&#8220;preset3&#8243; box_shadow_vertical=&#8220;40px&#8220; box_shadow_blur=&#8220;110px&#8220; box_shadow_spread=&#8220;0px&#8220; box_shadow_color=&#8220;rgba(9,6,38,0.62)&#8220; global_colors_info=&#8220;{}&#8220;][et_pb_column type=&#8220;4_4&#8243; _builder_version=&#8220;4.16&#8243; global_colors_info=&#8220;{}&#8220;][et_pb_text _builder_version=&#8220;4.16&#8243; text_font_size=&#8220;17px&#8220; text_line_height=&#8220;1.6em&#8220; header_font=&#8220;Taviraj||||||||&#8220; header_font_size=&#8220;60px&#8220; header_line_height=&#8220;1.2em&#8220; max_width_last_edited=&#8220;off|desktop&#8220; text_font_size_tablet=&#8220;18px&#8220; text_font_size_phone=&#8220;16px&#8220; text_font_size_last_edited=&#8220;on|tablet&#8220; header_font_size_tablet=&#8220;40px&#8220; header_font_size_phone=&#8220;30px&#8220; header_font_size_last_edited=&#8220;on|desktop&#8220; locked=&#8220;off&#8220; global_colors_info=&#8220;{}&#8220;]<\/p>\n<h1>Impressum<\/h1>\n<p>[\/et_pb_text][\/et_pb_column][\/et_pb_row][\/et_pb_section][et_pb_section fb_built=&#8220;1&#8243; admin_label=&#8220;About&#8220; _builder_version=&#8220;4.16&#8243; background_color=&#8220;rgba(0,0,0,0)&#8220; custom_margin=&#8220;|40px||40px|false|true&#8220; custom_margin_tablet=&#8220;&#8220; custom_margin_phone=&#8220;|20px||20px|false|true&#8220; custom_margin_last_edited=&#8220;on|tablet&#8220; custom_padding=&#8220;0px||140px|||&#8220; global_colors_info=&#8220;{}&#8220;][et_pb_row column_structure=&#8220;2_5,3_5&#8243; custom_padding_last_edited=&#8220;on|desktop&#8220; _builder_version=&#8220;4.16&#8243; background_color=&#8220;#ffffff&#8220; z_index=&#8220;0&#8243; width_tablet=&#8220;90%&#8220; width_phone=&#8220;90%&#8220; width_last_edited=&#8220;on|desktop&#8220; max_width=&#8220;1200px&#8220; overflow-x=&#8220;visible&#8220; overflow-y=&#8220;visible&#8220; custom_margin=&#8220;-30px|auto||auto|false|false&#8220; custom_padding=&#8220;60px|60px|60px|90px|true|false&#8220; custom_padding_tablet=&#8220;|||60px|false|false&#8220; custom_padding_phone=&#8220;|20px||20px|false|true&#8220; box_shadow_style=&#8220;preset3&#8243; box_shadow_vertical=&#8220;40px&#8220; box_shadow_blur=&#8220;110px&#8220; box_shadow_spread=&#8220;0px&#8220; box_shadow_color=&#8220;rgba(131,146,167,0.5)&#8220; global_colors_info=&#8220;{}&#8220; width__hover_enabled=&#8220;off&#8220;][et_pb_column type=&#8220;2_5&#8243; _builder_version=&#8220;4.16&#8243; global_colors_info=&#8220;{}&#8220;][et_pb_image src=&#8220;https:\/\/johannes-weber.de\/praxis\/wp-content\/uploads\/2021\/04\/Portrait4.jpg&#8220; title_text=&#8220;Portrait4&#8243; align=&#8220;center&#8220; _builder_version=&#8220;4.17.4&#8243; custom_margin_tablet=&#8220;0px||||false|false&#8220; custom_margin_last_edited=&#8220;off|phone&#8220; custom_padding=&#8220;0px|||||&#8220; box_shadow_style=&#8220;preset4&#8243; box_shadow_horizontal=&#8220;0px&#8220; box_shadow_vertical=&#8220;200px&#8220; box_shadow_color=&#8220;#ffffff&#8220; global_colors_info=&#8220;{}&#8220;][\/et_pb_image][\/et_pb_column][et_pb_column type=&#8220;3_5&#8243; _builder_version=&#8220;4.16&#8243; custom_padding=&#8220;40px||||false|false&#8220; custom_padding_tablet=&#8220;0px||||false|false&#8220; custom_padding_phone=&#8220;&#8220; custom_padding_last_edited=&#8220;on|tablet&#8220; global_colors_info=&#8220;{}&#8220;][et_pb_text _builder_version=&#8220;4.16&#8243; text_font_size=&#8220;17px&#8220; text_line_height=&#8220;1.8em&#8220; header_2_font=&#8220;Taviraj||||||||&#8220; header_2_font_size=&#8220;46px&#8220; header_2_line_height=&#8220;1.2em&#8220; header_3_font=&#8220;Taviraj|600|||||||&#8220; header_3_font_size=&#8220;20px&#8220; header_3_line_height=&#8220;1.2em&#8220; custom_padding=&#8220;||0px||false|false&#8220; custom_padding_tablet=&#8220;|30px||50px|true|false&#8220; custom_padding_phone=&#8220;|30px|||true|false&#8220; custom_padding_last_edited=&#8220;off|tablet&#8220; text_font_size_tablet=&#8220;&#8220; text_font_size_phone=&#8220;15px&#8220; text_font_size_last_edited=&#8220;on|desktop&#8220; header_2_font_size_tablet=&#8220;40px&#8220; header_2_font_size_phone=&#8220;30px&#8220; header_2_font_size_last_edited=&#8220;on|phone&#8220; header_3_font_size_tablet=&#8220;&#8220; header_3_font_size_phone=&#8220;18px&#8220; header_3_font_size_last_edited=&#8220;on|phone&#8220; global_colors_info=&#8220;{}&#8220;]<\/p>\n<h2>Verantwortlich f\u00fcr den Inhalt dieser Webseite<\/h2>\n<h2 style=\"box-sizing: border-box; font-family: regular, sans-serif; line-height: 1.2; margin: 0px 0px 1.5rem; padding-top: 0px; color: var(--color-content-heading); font-weight: 400; font-size: 2rem; letter-spacing: 0.3px; font-style: normal; font-variant-ligatures: normal; font-variant-caps: normal; orphans: 2; text-align: start; text-indent: 0px; text-transform: none; white-space: normal; widows: 2; word-spacing: 0px; -webkit-text-stroke-width: 0px; background-color: #ffffff; text-decoration-thickness: initial; text-decoration-style: initial; text-decoration-color: initial;\">Angaben gem\u00e4\u00df \u00a7 5 TMG<\/h2>\n<p>Johannes Weber<br \/>M\u00f6sleweg 13<br \/>82399 Raisting<\/p>\n<h2 style=\"box-sizing: border-box; font-family: regular, sans-serif; line-height: 1.2; margin: 0px 0px 1.5rem; padding-top: 0px; color: var(--color-content-heading); font-weight: 400; font-size: 2rem; letter-spacing: 0.3px; font-style: normal; font-variant-ligatures: normal; font-variant-caps: normal; orphans: 2; text-align: start; text-indent: 0px; text-transform: none; white-space: normal; widows: 2; word-spacing: 0px; -webkit-text-stroke-width: 0px; background-color: #ffffff; text-decoration-thickness: initial; text-decoration-style: initial; text-decoration-color: initial;\">Kontakt<\/h2>\n<p>email: <a href=\"mailto:\/\/johannes@johannes-weber.de\">johannes@johannes-weber.de<\/a><br \/>Telefon: <span style=\"font-size: large;\">08807- 4390130<\/span><\/p>\n<h2 style=\"box-sizing: border-box; font-family: regular, sans-serif; line-height: 1.2; margin: 0px 0px 1.5rem; padding-top: 1.5rem; color: var(--color-content-heading); font-weight: 400; font-size: 2rem; letter-spacing: 0.3px; font-style: normal; font-variant-ligatures: normal; font-variant-caps: normal; orphans: 2; text-align: start; text-indent: 0px; text-transform: none; white-space: normal; widows: 2; word-spacing: 0px; -webkit-text-stroke-width: 0px; background-color: #ffffff; text-decoration-thickness: initial; text-decoration-style: initial; text-decoration-color: initial;\">Verantwortlich f\u00fcr den Inhalt nach \u00a7 55 Abs. 2 RStV<\/h2>\n<p style=\"box-sizing: border-box; margin: 0px 0px 1.5rem; color: #2e2d2c; font-family: regular, sans-serif; font-size: 16px; font-style: normal; font-variant-ligatures: normal; font-variant-caps: normal; font-weight: 400; letter-spacing: normal; orphans: 2; text-align: start; text-indent: 0px; text-transform: none; white-space: normal; widows: 2; word-spacing: 0px; -webkit-text-stroke-width: 0px; background-color: #ffffff; text-decoration-thickness: initial; text-decoration-style: initial; text-decoration-color: initial;\">Johannes Weber<br \/>M\u00f6sleweg 13<br \/>82399 Raisting<\/p>\n<p>[\/et_pb_text][et_pb_text _builder_version=&#8220;4.16&#8243; text_font_size=&#8220;17px&#8220; text_line_height=&#8220;1.8em&#8220; header_2_font=&#8220;Taviraj||||||||&#8220; header_2_font_size=&#8220;46px&#8220; header_2_line_height=&#8220;1.2em&#8220; header_3_font=&#8220;Taviraj|600|||||||&#8220; header_3_font_size=&#8220;20px&#8220; header_3_line_height=&#8220;1.2em&#8220; custom_padding=&#8220;||||false|false&#8220; custom_padding_tablet=&#8220;|30px||50px|true|false&#8220; custom_padding_phone=&#8220;|30px|||true|false&#8220; custom_padding_last_edited=&#8220;off|tablet&#8220; text_font_size_tablet=&#8220;&#8220; text_font_size_phone=&#8220;15px&#8220; text_font_size_last_edited=&#8220;on|desktop&#8220; header_2_font_size_tablet=&#8220;40px&#8220; header_2_font_size_phone=&#8220;30px&#8220; header_2_font_size_last_edited=&#8220;on|phone&#8220; header_3_font_size_tablet=&#8220;&#8220; header_3_font_size_phone=&#8220;18px&#8220; header_3_font_size_last_edited=&#8220;on|phone&#8220; global_colors_info=&#8220;{}&#8220;]<\/p>\n<div class=\"ce_text last block\">\n<h2 style=\"box-sizing: border-box; font-family: regular, sans-serif; line-height: 1.2; margin: 0px 0px 1.5rem; padding-top: 1.5rem; color: var(--color-content-heading); font-weight: 400; font-size: 2rem; letter-spacing: 0.3px; font-style: normal; font-variant-ligatures: normal; font-variant-caps: normal; orphans: 2; text-align: start; text-indent: 0px; text-transform: none; white-space: normal; widows: 2; word-spacing: 0px; -webkit-text-stroke-width: 0px; background-color: #ffffff; text-decoration-thickness: initial; text-decoration-style: initial; text-decoration-color: initial;\">Aufsichtsbeh\u00f6rde<\/h2>\n<p style=\"box-sizing: border-box; margin: 0px 0px 1.5rem; color: #2e2d2c; font-family: regular, sans-serif; font-size: 16px; font-style: normal; font-variant-ligatures: normal; font-variant-caps: normal; font-weight: 400; letter-spacing: normal; orphans: 2; text-align: start; text-indent: 0px; text-transform: none; white-space: normal; widows: 2; word-spacing: 0px; -webkit-text-stroke-width: 0px; background-color: #ffffff; text-decoration-thickness: initial; text-decoration-style: initial; text-decoration-color: initial;\">Gesundheit und Pr\u00e4vention<\/p>\n<h3 itemprop=\"name\">Landratsamt Weilheim-Schongau Gesundheitsamt<\/h3>\n<div class=\"postal\" itemscope=\"\" itemtype=\"http:\/\/schema.org\/PostalAddress\">\n<div itemprop=\"streetAddress\">Schlo\u00dfplatz 1<\/div>\n<div><span itemprop=\"postalCode\">86956<\/span> <span itemprop=\"addressLocality\">Schongau<\/span><\/div>\n<div><span itemprop=\"addressLocality\"><\/span><\/div>\n<\/div>\n<p style=\"box-sizing: border-box; margin: 0px 0px 1.5rem; color: #2e2d2c; font-family: regular, sans-serif; font-size: 16px; font-style: normal; font-variant-ligatures: normal; font-variant-caps: normal; font-weight: 400; letter-spacing: normal; orphans: 2; text-align: start; text-indent: 0px; text-transform: none; white-space: normal; widows: 2; word-spacing: 0px; -webkit-text-stroke-width: 0px; background-color: #ffffff; text-decoration-thickness: initial; text-decoration-style: initial; text-decoration-color: initial;\"><a href=\"https:\/\/www.weilheim-schongau.de\/landkreis\/gesundheit-im-landkreis\/gesundheitsamt\/\" target=\"_blank\" rel=\"noopener noreferrer\" style=\"box-sizing: border-box; text-decoration: none; background: none; transition-property: background, box-shadow, border, color, opacity, transform; transition-duration: 0.3s; color: #85754e !important; outline: none !important;\">https:\/\/www.weilheim-schongau.de\/landkreis\/gesundheit-im-landkreis\/gesundheitsamt<\/a><\/p>\n<h2 style=\"box-sizing: border-box; font-family: regular, sans-serif; line-height: 1.2; margin: 0px 0px 1.5rem; padding-top: 1.5rem; color: var(--color-content-heading); font-weight: 400; font-size: 2rem; letter-spacing: 0.3px; font-style: normal; font-variant-ligatures: normal; font-variant-caps: normal; orphans: 2; text-align: start; text-indent: 0px; text-transform: none; white-space: normal; widows: 2; word-spacing: 0px; -webkit-text-stroke-width: 0px; background-color: #ffffff; text-decoration-thickness: initial; text-decoration-style: initial; text-decoration-color: initial;\">Berufsbezeichnung<\/h2>\n<p>Heilpraktiker f\u00fcr Psychotherapie <span style=\"color: #212121; font-family: Raleway; font-size: 16px; font-style: normal; font-variant-ligatures: normal; font-variant-caps: normal; font-weight: 400; letter-spacing: normal; orphans: 2; text-align: start; text-indent: 0px; text-transform: none; white-space: normal; widows: 2; word-spacing: 0px; -webkit-text-stroke-width: 0px; background-color: #ffffff; text-decoration-thickness: initial; text-decoration-style: initial; text-decoration-color: initial; display: inline !important; float: none;\">(Erlaubnis zur Aus\u00fcbung der Heilkunde ohne Bestallung beschr\u00e4nkt auf das Gebiet der Psychotherapie erteilt durch Landratsamt Weilheim-Schongau)<\/span><br \/>Es gelten die berufsrechtlichen Regelungen nach dem Heilpraktikergesetz.<br \/><span style=\"color: #212121; font-family: Raleway; font-size: 16px; font-style: normal; font-variant-ligatures: normal; font-variant-caps: normal; font-weight: 400; letter-spacing: normal; orphans: 2; text-align: start; text-indent: 0px; text-transform: none; white-space: normal; widows: 2; word-spacing: 0px; -webkit-text-stroke-width: 0px; background-color: #ffffff; text-decoration-thickness: initial; text-decoration-style: initial; text-decoration-color: initial; display: inline !important; float: none;\">Regelungen einsehbar unter:<span>\u00a0<\/span><\/span><a href=\"https:\/\/www.gesetze-im-internet.de\/heilprg\/BJNR002510939.html\" style=\"box-sizing: border-box; background-color: #ffffff; color: #6f8ad6; text-decoration: none; transition: all 0.3s ease-in-out 0s; font-family: Raleway; font-size: 16px; font-style: normal; font-variant-ligatures: normal; font-variant-caps: normal; font-weight: 400; letter-spacing: normal; orphans: 2; text-align: start; text-indent: 0px; text-transform: none; white-space: normal; widows: 2; word-spacing: 0px; -webkit-text-stroke-width: 0px;\">https:\/\/www.gesetze-im-internet.de\/heilprg\/BJNR002510939.html<\/a><\/p>\n<h2 style=\"box-sizing: border-box; font-family: regular, sans-serif; line-height: 1.2; margin: 0px 0px 1.5rem; padding-top: 1.5rem; color: var(--color-content-heading); font-weight: 400; font-size: 2rem; letter-spacing: 0.3px; font-style: normal; font-variant-ligatures: normal; font-variant-caps: normal; orphans: 2; text-align: start; text-indent: 0px; text-transform: none; white-space: normal; widows: 2; word-spacing: 0px; -webkit-text-stroke-width: 0px; background-color: #ffffff; text-decoration-thickness: initial; text-decoration-style: initial; text-decoration-color: initial;\">Haftungsausschluss<\/h2>\n<p>Hiermit erkl\u00e4re ich ausdr\u00fccklich, dass ich keinerlei Einfluss auf die Gestaltung und die Inhalte der gelinkten Seiten habe. Deshalb distanziere ich mich hiermit ausdr\u00fccklich von allen Inhalten aller gelinkten Seiten auf der gesamten Website inkl. aller Unterseiten. Diese Erkl\u00e4rung gilt f\u00fcr alle auf der Website ausgebrachten Links und f\u00fcr alle Inhalte der Seite, zu denen Links oder Banner f\u00fchren.<\/p>\n<h3 style=\"box-sizing: border-box; font-family: regular, sans-serif; line-height: 1.2; margin: 0px 0px 1.5rem; padding-top: 1.5rem; color: var(--color-content-heading); font-weight: 400; font-size: 1.7rem; letter-spacing: 0.3px; font-style: normal; font-variant-ligatures: normal; font-variant-caps: normal; orphans: 2; text-align: start; text-indent: 0px; text-transform: none; white-space: normal; widows: 2; word-spacing: 0px; -webkit-text-stroke-width: 0px; background-color: #ffffff; text-decoration-thickness: initial; text-decoration-style: initial; text-decoration-color: initial;\">Urheberrecht<\/h3>\n<p style=\"box-sizing: border-box; margin: 0px 0px 1.5rem; color: #2e2d2c; font-family: regular, sans-serif; font-size: 16px; font-style: normal; font-variant-ligatures: normal; font-variant-caps: normal; font-weight: 400; letter-spacing: normal; orphans: 2; text-align: start; text-indent: 0px; text-transform: none; white-space: normal; widows: 2; word-spacing: 0px; -webkit-text-stroke-width: 0px; background-color: #ffffff; text-decoration-thickness: initial; text-decoration-style: initial; text-decoration-color: initial;\">Die durch die Seitenbetreiber erstellten Inhalte und Werke auf diesen Seiten unterliegen dem deutschen Urheberrecht. Die Vervielf\u00e4ltigung, Bearbeitung, Verbreitung und jede Art der Verwertung au\u00dferhalb der Grenzen des Urheberrechtes bed\u00fcrfen der schriftlichen Zustimmung des jeweiligen Autors bzw. Erstellers. Downloads und Kopien dieser Seite sind nur f\u00fcr den privaten, nicht kommerziellen Gebrauch gestattet.<\/p>\n<\/div>\n<p>[\/et_pb_text][\/et_pb_column][\/et_pb_row][\/et_pb_section]<\/p>\n","protected":false},"excerpt":{"rendered":"<p>Verantwortlich f\u00fcr den Inhalt<br \/>\nAngaben gem\u00e4\u00df \u00a7 5 TMG<br \/>\nJohannes Weber<br \/>\nM\u00f6sleweg 13<br \/>\n82399 Raisting<br \/>\nKontakt<br \/>\nVerantwortlich f\u00fcr den Inhalt nach \u00a7 55 Abs. 2 RStV<\/p>\n","protected":false},"author":1,"featured_media":0,"parent":0,"menu_order":0,"comment_status":"closed","ping_status":"closed","template":"","meta":{"_et_pb_use_builder":"on","_et_pb_old_content":"","_et_gb_content_width":"","footnotes":""},"class_list":["post-55","page","type-page","status-publish","hentry"],"aioseo_notices":[],"_links":{"self":[{"href":"https:\/\/johannes-weber.de\/praxis\/index.php\/wp-json\/wp\/v2\/pages\/55","targetHints":{"allow":["GET"]}}],"collection":[{"href":"https:\/\/johannes-weber.de\/praxis\/index.php\/wp-json\/wp\/v2\/pages"}],"about":[{"href":"https:\/\/johannes-weber.de\/praxis\/index.php\/wp-json\/wp\/v2\/types\/page"}],"author":[{"embeddable":true,"href":"https:\/\/johannes-weber.de\/praxis\/index.php\/wp-json\/wp\/v2\/users\/1"}],"replies":[{"embeddable":true,"href":"https:\/\/johannes-weber.de\/praxis\/index.php\/wp-json\/wp\/v2\/comments?post=55"}],"version-history":[{"count":24,"href":"https:\/\/johannes-weber.de\/praxis\/index.php\/wp-json\/wp\/v2\/pages\/55\/revisions"}],"predecessor-version":[{"id":837,"href":"https:\/\/johannes-weber.de\/praxis\/index.php\/wp-json\/wp\/v2\/pages\/55\/revisions\/837"}],"wp:attachment":[{"href":"https:\/\/johannes-weber.de\/praxis\/index.php\/wp-json\/wp\/v2\/media?parent=55"}],"curies":[{"name":"wp","href":"https:\/\/api.w.org\/{rel}","templated":true}]}}