{"id":737,"date":"2022-09-18T07:40:30","date_gmt":"2022-09-18T07:40:30","guid":{"rendered":"https:\/\/johannes-weber.de\/praxis\/?page_id=737"},"modified":"2022-11-18T15:26:37","modified_gmt":"2022-11-18T15:26:37","slug":"raucherentwoehnung","status":"publish","type":"page","link":"https:\/\/johannes-weber.de\/praxis\/index.php\/raucherentwoehnung\/","title":{"rendered":"Raucherentw\u00f6hnung mit Hilfe von Hypnose"},"content":{"rendered":"\n[et_pb_section fb_built=&#8220;1&#8243; custom_padding_last_edited=&#8220;on|phone&#8220; _builder_version=&#8220;4.18.0&#8243; _module_preset=&#8220;default&#8220; width=&#8220;99%&#8220; custom_margin=&#8220;||||false|false&#8220; custom_margin_tablet=&#8220;||||false|false&#8220; custom_margin_phone=&#8220;|||-86px|false|false&#8220; custom_margin_last_edited=&#8220;on|phone&#8220; custom_padding=&#8220;|||0px|false|false&#8220; custom_padding_tablet=&#8220;|||0px|false|false&#8220; custom_padding_phone=&#8220;|||0px|false|false&#8220; global_colors_info=&#8220;{}&#8220;][et_pb_row _builder_version=&#8220;4.18.0&#8243; _module_preset=&#8220;default&#8220; custom_margin=&#8220;|auto||125px||&#8220; global_colors_info=&#8220;{}&#8220;][et_pb_column type=&#8220;4_4&#8243; _builder_version=&#8220;4.18.0&#8243; _module_preset=&#8220;default&#8220; global_colors_info=&#8220;{}&#8220;][et_pb_text _builder_version=&#8220;4.18.0&#8243; _module_preset=&#8220;default&#8220; global_colors_info=&#8220;{}&#8220;]<h1>Raucherentw\u00f6hnung mit Hilfe von Hypnose<\/h1>\n<p>&nbsp;<\/p>\n<p>Raucherentw\u00f6hnung ist einer der Bereiche, in denen Hypnose seit Jahrzehnten erfolgreich angewandt wird. Nach etwa 10 Jahren des Nichtraucherdaseins hat sich der K\u00f6rper wieder vollst\u00e4ndig regeneriert und alle gesundheitlichen Sch\u00e4den sind \u00fcberwunden. Die Heilung beginnt unmittelbar nach der letzten Zigarette!<\/p>\n<p><a href=\"#gutenachricht\">Die gute Nachricht<\/a><br \/><a href=\"#fragen\">Fragen die Sie sich stellen sollten<\/a><br \/><a href=\"#ablauf\">Ablauf einer Raucherentw\u00f6hnung<\/a><\/p>\n<h2><span style=\"font-size: medium;\"><\/span><\/h2>\n<h2><span style=\"font-size: medium;\">Die gute Nachricht: Selbst nach Jahrelangem Rauchen kann sich Ihr K\u00f6rper komplett regenerieren!<\/span><span style=\"font-size: medium;\"><\/span><span style=\"font-size: medium;\"><\/span><span style=\"font: 8.0px Arial; font-kerning: none; font-variant-ligatures: common-ligatures; color: #221f1f; font-family: Arial; font-size: xx-small;\"><\/span><span style=\"font: 8.0px Arial; letter-spacing: -0.1px; font-variant-ligatures: common-ligatures; color: #221f1f; font-family: Arial; font-size: xx-small;\"><\/span><span style=\"font-size: medium;\"><\/span><span style=\"font-size: medium;\"><\/span><\/h2>\n<p><span style=\"font-size: medium;\"><\/span><\/p>[\/et_pb_text][et_pb_image src=&#8220;https:\/\/johannes-weber.de\/praxis\/wp-content\/uploads\/2022\/10\/non-smoking-g736f8b36f_1280.jpg&#8220; _builder_version=&#8220;4.18.0&#8243; _module_preset=&#8220;default&#8220; title_text=&#8220;non-smoking-g736f8b36f_1280&#8243; hover_enabled=&#8220;0&#8243; sticky_enabled=&#8220;0&#8243;][\/et_pb_image][et_pb_text module_id=&#8220;gutenachricht&#8220; _builder_version=&#8220;4.18.0&#8243; _module_preset=&#8220;default&#8220; global_colors_info=&#8220;{}&#8220;]<table>\n<tbody>\n<tr>\n<td>20 Minuten<\/td>\n<td>Blutdruck und Puls sinken auf normale Werte; die K\u00f6rpertemperatur von H\u00e4nden und F\u00fc\u00dfen steigt auf normale Werte.<\/td>\n<\/tr>\n<tr>\n<td>8 Stunden<\/td>\n<td>Der Kohlenstoffmonoxidspiegel im Blut sinkt und der Sauerstoffspiegel steigt auf normale Werte.<\/td>\n<\/tr>\n<tr>\n<td>1 Tag<\/td>\n<td>Das Herzinfarktrisiko vermindert sich.<\/td>\n<\/tr>\n<tr>\n<td>2 Tage<\/td>\n<td>Die Nervenenden beginnen, sich zu regenerieren, Geruchs- und Geschmacksnerven arbeiten verst\u00e4rkt.<\/td>\n<\/tr>\n<tr>\n<td>2-12 Wochen<\/td>\n<td>Der Blutkreislauf stabilisiert sich, die Lungenfunktion verbessert sich um bis zu 30 %.<\/td>\n<\/tr>\n<tr>\n<td>1 -9 Monate<\/td>\n<td>Verminderung von Hustenanf\u00e4llen , Verstopfung der Nasennebenh\u00f6hlen, Abgespanntheit und Kurzatmigkeit. Allgemeine Reinigung der Lunge durch Aufbau des Flimmerepithels und verst\u00e4rkter Schleimabbau. Verringerung der Infektionsgefahr.<\/td>\n<\/tr>\n<tr>\n<td>1 Jahr<\/td>\n<td>\n<p>Das zus\u00e4tzliche Risiko einer Koronarinsuffizienz vermindert sich (verglichen mit einem Raucher)<\/p>\n<p>um 50 %.<\/p>\n<\/td>\n<\/tr>\n<tr>\n<td>5 Jahre<\/td>\n<td>Das Lungenkrebs-Todesrisiko des ehemaligen Durchschnittrauchers (1 Schachtel pro Tag) verringert sich um fast 50 %. Das Herzinfarkt-Risiko verringert sich in einem Zeitraum von 5 bis 10 Jahren auf das eines Nichtrauchers. Das Krebsrisiko von Mund, Luft- und Speiser\u00f6hre<span>\u00a0 <\/span>verringert sich auf die H\u00e4lfte des Risikos eines Rauchers.<\/td>\n<\/tr>\n<tr>\n<td>10 Jahre<\/td>\n<td>Das Lungenkrebsrisikohat sich auf das eines Nichtrauchers verringert. Das Krebsrisiko von Mund, Luft\u00ad und Speiser\u00f6hre, Harnblase, Nieren und Bauchspeicheldr\u00fcse sinkt weiter.<\/td>\n<\/tr>\n<tr>\n<td>12 Jahre<\/td>\n<td>Das Risiko einer Koronarinsuffizienz ist so hoch wie das eines Nichtrauchers.<\/td>\n<\/tr>\n<\/tbody>\n<\/table>[\/et_pb_text][et_pb_text module_id=&#8220;fragen&#8220; _builder_version=&#8220;4.18.0&#8243; _module_preset=&#8220;default&#8220; global_colors_info=&#8220;{}&#8220;]<p>&nbsp;<\/p>\n<p>Stellen Sie sich doch<span style=\"font-size: small;\"> einmal folgende Fragen;<\/span><\/p>\n<p><span style=\"font-size: small;\"><strong>=&gt;<\/strong> Welche Gef\u00fchle verbinden Sie mit dem Rauchen?<\/span><\/p>\n<ul>\n<li><span style=\"font-size: small;\">Ich hasse mich daf\u00fcr, dass ich rauche.<\/span><\/li>\n<li><span style=\"font-size: small;\">Ich rauche gern.<\/span><\/li>\n<li><span style=\"font-size: small;\">Ich rauche, um zu entspannen.<\/span><\/li>\n<li><span style=\"font-size: small;\">Ich kann nur beim Rauchen abschalten.<\/span><\/li>\n<li><span style=\"font-size: small;\">Ich rauche, um mit dazuzugeh\u00f6ren .<\/span><\/li>\n<li><span style=\"font-size: small;\">Ich halte mich f\u00fcr einen Schw\u00e4chling, weil ich nicht aufh\u00f6ren kann. Ich werde ausgelacht.<\/span><\/li>\n<\/ul>\n<p><span style=\"font-size: small;\"><strong>=&gt;<\/strong> Wird Ihnen etwas Wichtiges fehlen, wenn Sie nicht mehr rauchen? Wenn ja, was?<br \/><strong>=&gt;<\/strong> Warum wollen Sie mit dem Rauchen aufh\u00f6ren? <\/span><\/p>\n<ul>\n<li><span style=\"font-size: small;\">Gesundheit<\/span><\/li>\n<li><span style=\"font-size: small;\">Geld<\/span><\/li>\n<li><span style=\"font-size: small;\">Aussehen<\/span><\/li>\n<li><span style=\"font-size: small;\">Leistungsf\u00e4higkeit<\/span><\/li>\n<li><span style=\"font-size: small;\">Au\u00dfenseiter sein, <\/span><\/li>\n<\/ul>\n<p><span style=\"font-size: small;\"><strong>=&gt;<\/strong> Wie oft haben Sie schon versucht, aufzuh\u00f6ren und mit welchem Erfolg?<br \/><strong>=&gt;<\/strong> Haben Sie professionelle Hilfe in Anspruch genommen? Wenn ja, welche und mit welchem Erfolg?<br \/><strong>=&gt;<\/strong> Warum haben Sie wieder angefangen?<br \/><strong>=&gt;<\/strong> Wie wird sich Ihr Leben positiv ver\u00e4ndern, wenn Sie ein Nichtraucher sind?<\/span><\/p>\n<p><span style=\"font-size: small;\">Wenn Ihnen nun vollkommen und verbindlich klar ist, dass Sie wirklich aufh\u00f6ren wollen, ist die Hauptvoraussetzung erf\u00fcllt.<\/span><\/p>\n<p><span style=\"font-size: small;\"><\/span><\/p>[\/et_pb_text][et_pb_text module_id=&#8220;ablauf&#8220; _builder_version=&#8220;4.18.0&#8243; _module_preset=&#8220;default&#8220; global_colors_info=&#8220;{}&#8220;]<h2><span style=\"font-size: medium;\">Der Ablauf einer Raucherentw\u00f6hnung mit Unterst\u00fctzung durch Hypnose<br \/><\/span><span style=\"font-size: small;\"><\/span><\/h2>\n<p><span style=\"font-size: medium;\"><\/span><span style=\"font-size: small;\">F\u00fcr gew\u00f6hnlich erfordert eine Raucherentw\u00f6hnung 1 &#8211; 2 Sitzungen und besteht im Wesentlichen aus einer Regression zur ersten Zigarette.<br \/>Das heisst, wir unternehmen eine Reise in die Situation in der Sie Ihren ersten Zug von einer Zigarette genommen haben.<\/span><\/p>\n<p><span style=\"font-size: small;\">Wie war das damals? War das angenehm? Hat das gut geschmeckt? Wie war die Wirkung auf Ihre Lunge, Ihren K\u00f6rper?<\/span><span style=\"font-size: small;\"><\/span><\/p>\n<p><span style=\"font-size: small;\">Mit ziemlicher Sicherheit wurde Ihnen schwindelig, Sie musstest husten und Ihen war vielleicht sogar ein Bisschen \u00fcbel. Irgendwie war das ganz sch\u00f6n widerlich, oder?<\/span><\/p>\n<p><span style=\"font-size: small;\"> Genau diese Gef\u00fchle bringen wir wieder zum Vorschein und verankern sie nachhaltig. <\/span><span style=\"font-size: small;\">Immer wenn Sie dann an Rauchen oder eine Zigarette denken werden diese Gef\u00fchle wieder wach. Der erste Schritt ist getan, Rauchen ist dann gar nicht mehr so einfach. Den Rest erledigt das gute Gef\u00fchl Nichtraucher zu sein, welches wir durch jede Menge positive Suggestionen verst\u00e4rken werden.<br \/>Zur weiteren Unterst\u00fctzung lehre und verankere ich Ihnen Selbsthypnose, So dass Sie im Falle eines Ausrutschers in alte Gewohnheiten und Rauchergel\u00fcste immer ein Werkzeug in der Hand haben, das Sie dabei unterst\u00fctzt, Nichtraucher zu sein und zu bleiben.<br \/><\/span><\/p>\n<p>In manchen F\u00e4llen, wenn das Rauchen ein Bew\u00e4ltigungsmechanismus eines gr\u00f6\u00dferen emotionalen Problem ist, kann allerdings eine aufdeckende Psychotherapie wie die Hypnoanalyse f\u00fcr eine nachhaltige Wirkung n\u00f6tig sein. Sollte es Anzeichen daf\u00fcr geben, werden wir das im Detail besprechen.<\/p>\n<p>&nbsp;<\/p>\n<p><strong>Kontaktieren Sie mich noch heute f\u00fcr ein kostenloses Erstgespr\u00e4ch!<\/strong><\/p>[\/et_pb_text][\/et_pb_column][\/et_pb_row][\/et_pb_section]\n","protected":false},"excerpt":{"rendered":"<p>Raucherentw\u00f6hnung mit Hilfe von Hypnose &nbsp; Raucherentw\u00f6hnung ist einer der Bereiche, in denen Hypnose seit Jahrzehnten erfolgreich angewandt wird. Nach etwa 10 Jahren des Nichtraucherdaseins hat sich der K\u00f6rper wieder vollst\u00e4ndig regeneriert und alle gesundheitlichen Sch\u00e4den sind \u00fcberwunden. Die Heilung beginnt unmittelbar nach der letzten Zigarette! Die gute NachrichtFragen die Sie sich stellen solltenAblauf einer [&hellip;]<\/p>\n","protected":false},"author":1,"featured_media":0,"parent":0,"menu_order":0,"comment_status":"closed","ping_status":"closed","template":"","meta":{"_et_pb_use_builder":"on","_et_pb_old_content":"","_et_gb_content_width":"","footnotes":""},"class_list":["post-737","page","type-page","status-publish","hentry"],"aioseo_notices":[],"_links":{"self":[{"href":"https:\/\/johannes-weber.de\/praxis\/index.php\/wp-json\/wp\/v2\/pages\/737","targetHints":{"allow":["GET"]}}],"collection":[{"href":"https:\/\/johannes-weber.de\/praxis\/index.php\/wp-json\/wp\/v2\/pages"}],"about":[{"href":"https:\/\/johannes-weber.de\/praxis\/index.php\/wp-json\/wp\/v2\/types\/page"}],"author":[{"embeddable":true,"href":"https:\/\/johannes-weber.de\/praxis\/index.php\/wp-json\/wp\/v2\/users\/1"}],"replies":[{"embeddable":true,"href":"https:\/\/johannes-weber.de\/praxis\/index.php\/wp-json\/wp\/v2\/comments?post=737"}],"version-history":[{"count":36,"href":"https:\/\/johannes-weber.de\/praxis\/index.php\/wp-json\/wp\/v2\/pages\/737\/revisions"}],"predecessor-version":[{"id":945,"href":"https:\/\/johannes-weber.de\/praxis\/index.php\/wp-json\/wp\/v2\/pages\/737\/revisions\/945"}],"wp:attachment":[{"href":"https:\/\/johannes-weber.de\/praxis\/index.php\/wp-json\/wp\/v2\/media?parent=737"}],"curies":[{"name":"wp","href":"https:\/\/api.w.org\/{rel}","templated":true}]}}