{"id":797,"date":"2022-09-27T09:04:08","date_gmt":"2022-09-27T09:04:08","guid":{"rendered":"https:\/\/johannes-weber.de\/praxis\/?page_id=797"},"modified":"2022-10-12T12:33:16","modified_gmt":"2022-10-12T12:33:16","slug":"abnehmen-mit-hypnose","status":"publish","type":"page","link":"https:\/\/johannes-weber.de\/praxis\/index.php\/abnehmen-mit-hypnose\/","title":{"rendered":"Abnehmen mit Hypnose"},"content":{"rendered":"<p>[et_pb_section fb_built=&#8220;1&#8243; custom_padding_last_edited=&#8220;on|phone&#8220; _builder_version=&#8220;4.18.0&#8243; _module_preset=&#8220;default&#8220; width=&#8220;99%&#8220; custom_margin=&#8220;||||false|false&#8220; custom_margin_tablet=&#8220;||||false|false&#8220; custom_margin_phone=&#8220;|||-86px|false|false&#8220; custom_margin_last_edited=&#8220;on|phone&#8220; custom_padding=&#8220;|||0px|false|false&#8220; custom_padding_tablet=&#8220;|||0px|false|false&#8220; custom_padding_phone=&#8220;|||0px|false|false&#8220; global_colors_info=&#8220;{}&#8220;][et_pb_row _builder_version=&#8220;4.18.0&#8243; _module_preset=&#8220;default&#8220; custom_margin=&#8220;|auto||125px||&#8220; global_colors_info=&#8220;{}&#8220;][et_pb_column type=&#8220;4_4&#8243; _builder_version=&#8220;4.18.0&#8243; _module_preset=&#8220;default&#8220; global_colors_info=&#8220;{}&#8220;][et_pb_text _builder_version=&#8220;4.18.0&#8243; _module_preset=&#8220;default&#8220; global_colors_info=&#8220;{}&#8220;]<\/p>\n<h1>Nachhaltig Abnehmen mit Hilfe von Hypnose<\/h1>\n<p>&nbsp;<\/p>\n<p>Hypnose ist eine hervorragende M\u00f6glichkeit, das Abnehmen und das Reduzieren von K\u00f6rpergewicht zu unterst\u00fctzen. Das kann deshalb so gut funktionieren weil die Ursachen von emotional bedingtem Essens aufgedeckt und beseitigt werden k\u00f6nnen. Dar\u00fcber hinaus k\u00f6nnen mittels Hypnose neue Essgewohnheiten verinnerlicht und k\u00f6rperliche Ver\u00e4nderungs\u00adprozesse positiv beeinflusse werden.<span style=\"font-size: medium;\"><\/span><\/p>\n<p><a href=\"#emotion\">Emotionales Essen<\/a><br \/><a href=\"#sucht\">\u00dcbergewicht als Sucht<\/a><br \/><a href=\"#zwang\">Essen als Zwang<\/a><br \/><a href=\"#gewichtsprobleme\">Gewichtsprobleme als Zeichen seelischer Probleme<\/a><\/p>\n<p><span style=\"font-size: medium;\"><\/span><\/p>\n<p>[\/et_pb_text][et_pb_image src=&#8220;https:\/\/johannes-weber.de\/praxis\/wp-content\/uploads\/2022\/10\/measuring-tape-ge4cc5c05f_1280.jpg&#8220; _builder_version=&#8220;4.18.0&#8243; _module_preset=&#8220;default&#8220; title_text=&#8220;measuring-tape-ge4cc5c05f_1280&#8243; hover_enabled=&#8220;0&#8243; sticky_enabled=&#8220;0&#8243;][\/et_pb_image][et_pb_text module_id=&#8220;emotion&#8220; _builder_version=&#8220;4.18.0&#8243; _module_preset=&#8220;default&#8220; global_colors_info=&#8220;{}&#8220;]<\/p>\n<h2><span style=\"font-size: medium;\">Emotionales Essen<\/span><span style=\"font-size: medium;\"><\/span><span style=\"font: 8.0px Arial; font-kerning: none; font-variant-ligatures: common-ligatures; color: #221f1f; font-family: Arial; font-size: xx-small;\"><\/span><span style=\"font: 8.0px Arial; letter-spacing: -0.1px; font-variant-ligatures: common-ligatures; color: #221f1f; font-family: Arial; font-size: xx-small;\"><\/span><span style=\"font-size: medium;\"><\/span><span style=\"font-size: medium;\"><\/span><\/h2>\n<p><span style=\"font-size: medium;\"><\/span><\/p>\n<p>Zu viel und zu h\u00e4ufiges Essen ist meist auch emotionales Essen. Wir essen, wenn wir traurig sind oder entt\u00e4uscht, wenn wir uns einsam f\u00fchlen oder w\u00fctend sind. Das f\u00fchrt leicht zu ung\u00fcnstigen Gewohnheiten. Viele Menschen mit \u00dcbergewicht beschreiben es oft mit dem Satz \u201eDas Essen tut mir gut&#8220;. Sehr h\u00e4ufig ist ihnen auch sehr wohl bewusst, dass sie mit dem Essen unangenehme Gef\u00fchle \u201ebeseitigen&#8220; oder auch eine innere Leere ausf\u00fcllen wollen. Dieses \u201esich etwas Gutes tun&#8220; durch \u00fcberm\u00e4\u00dfiges Essen ist jedoch keine wirkliche Selbstf\u00fcrsorge, wie Ent\u00adspannung, ein Spaziergang, ein Besuch im Wellnessbereich oder Gespr\u00e4che mit Freunden.<\/p>\n<p>[\/et_pb_text][et_pb_text module_id=&#8220;sucht&#8220; _builder_version=&#8220;4.18.0&#8243; _module_preset=&#8220;default&#8220; global_colors_info=&#8220;{}&#8220;]<\/p>\n<h2><span style=\"font-size: medium;\">\u00dcbergewicht als Sucht<\/span><\/h2>\n<p>\u00dcbergewichtigkeit hat nicht selten Suchtcharakter (Adipositas = Fettsucht). F\u00fcr die Ess-Sucht trifft das gleiche zu wie f\u00fcr alle anderen S\u00fcchte: Sie ist ein Symptom, ein Ausdruck von unbew\u00e4ltigten emotionalen Themen. Das Essen hat die Funktion, diese Themen und die damit verbundenen Gef\u00fchle zu unterdr\u00fccken und es stellt<br \/>somit einen unbewussten L\u00f6sungsversuch des Problems dar.<\/p>\n<p>[\/et_pb_text][et_pb_text module_id=&#8220;zwang&#8220; _builder_version=&#8220;4.18.0&#8243; _module_preset=&#8220;default&#8220; global_colors_info=&#8220;{}&#8220;]<\/p>\n<h2><span style=\"font-size: medium;\">Essen als Zwang<\/span><\/h2>\n<p>Viele \u00fcbergewichtige Menschen denken den ganzen Tag zwanghaft an Essen. Sie erwachen mit dem Gedanken \u201eWas werde ich heute essen?&#8220;. Genau das tun auch Alkoholiker! Gute Ratschl\u00e4ge, Di\u00e4ten und andere Ma\u00dfnahmen funktionieren nicht richtig, weil sie am eigentlichen Problem vorbeigehen. Eine Behandlung sollte deshalb unbedingt die Ursachen aufdecken und bearbeiten. Dann besteht keine Notwendigkeit mehr, sinnlos Unmengen von ungesunden Lebensmitteln und S\u00fc\u00dfigkeiten in sich hineinzustopfen. Das Essverhalten normalisiert sich und die Pfunde purzeln. Hinzu kommt, dass man nach Bearbeitung der Ursachen das gesunde und nat\u00fcrliche Abnehmen mit Suggestionen gut unterst\u00fctzen kann.<\/p>\n<p>[\/et_pb_text][et_pb_text module_id=&#8220;gewichtsprobleme&#8220; _builder_version=&#8220;4.18.0&#8243; _module_preset=&#8220;default&#8220; global_colors_info=&#8220;{}&#8220;]<\/p>\n<h2><span style=\"font-size: medium;\">Gewichtsprobleme als Zeichen seelischer Probleme<\/span><\/h2>\n<p>stellen Sie sich einmal folgende Fragen:<\/p>\n<ul>\n<li>Wann hat Ihr Essproblem begonnen?<\/li>\n<li>In welchen Situationen wird es besonders stark?<\/li>\n<li>Wer in der Familie ist ebenfalls \u00fcbergewichtig?<\/li>\n<li>Was passierte, als Sie das letzte Mal Ihr Zielgewicht erreichten?<\/li>\n<li>Essen Sie, wenn Sie nicht hungrig sind?<\/li>\n<li>Essen Sie zu schnell?<\/li>\n<li>Essen Sie bei Angst, Traurigkeit, Entt\u00e4uschung?<\/li>\n<\/ul>\n<p>Wenn Sie dann das Gef\u00fchl haben, dass Ihre Gewichtsprobleme nicht nur k\u00f6rperliche Ursachen, sondern auch seelische Komponenten haben k\u00f6nnte, dann ist die Unterst\u00fctzung der Gewichtsreduktion durch Hypnose sicherlich ein sehr sinnvolle Hilfe.<\/p>\n<p>[\/et_pb_text][\/et_pb_column][\/et_pb_row][\/et_pb_section]<\/p>\n","protected":false},"excerpt":{"rendered":"<p>Nachhaltig Abnehmen mit Hilfe von Hypnose &nbsp; Hypnose ist eine hervorragende M\u00f6glichkeit, das Abnehmen und das Reduzieren von K\u00f6rpergewicht zu unterst\u00fctzen. Das kann deshalb so gut funktionieren weil die Ursachen von emotional bedingtem Essens aufgedeckt und beseitigt werden k\u00f6nnen. Dar\u00fcber hinaus k\u00f6nnen mittels Hypnose neue Essgewohnheiten verinnerlicht und k\u00f6rperliche Ver\u00e4nderungs\u00adprozesse positiv beeinflusse werden. Emotionales Essen\u00dcbergewicht [&hellip;]<\/p>\n","protected":false},"author":1,"featured_media":0,"parent":0,"menu_order":0,"comment_status":"closed","ping_status":"closed","template":"","meta":{"_et_pb_use_builder":"on","_et_pb_old_content":"<!-- wp:divi\/placeholder \/-->","_et_gb_content_width":"","om_disable_all_campaigns":false,"_monsterinsights_skip_tracking":false,"_monsterinsights_sitenote_active":false,"_monsterinsights_sitenote_note":"","_monsterinsights_sitenote_category":0,"_uf_show_specific_survey":0,"_uf_disable_surveys":false,"footnotes":""},"class_list":["post-797","page","type-page","status-publish","hentry"],"aioseo_notices":[],"_links":{"self":[{"href":"https:\/\/johannes-weber.de\/praxis\/index.php\/wp-json\/wp\/v2\/pages\/797","targetHints":{"allow":["GET"]}}],"collection":[{"href":"https:\/\/johannes-weber.de\/praxis\/index.php\/wp-json\/wp\/v2\/pages"}],"about":[{"href":"https:\/\/johannes-weber.de\/praxis\/index.php\/wp-json\/wp\/v2\/types\/page"}],"author":[{"embeddable":true,"href":"https:\/\/johannes-weber.de\/praxis\/index.php\/wp-json\/wp\/v2\/users\/1"}],"replies":[{"embeddable":true,"href":"https:\/\/johannes-weber.de\/praxis\/index.php\/wp-json\/wp\/v2\/comments?post=797"}],"version-history":[{"count":20,"href":"https:\/\/johannes-weber.de\/praxis\/index.php\/wp-json\/wp\/v2\/pages\/797\/revisions"}],"predecessor-version":[{"id":908,"href":"https:\/\/johannes-weber.de\/praxis\/index.php\/wp-json\/wp\/v2\/pages\/797\/revisions\/908"}],"wp:attachment":[{"href":"https:\/\/johannes-weber.de\/praxis\/index.php\/wp-json\/wp\/v2\/media?parent=797"}],"curies":[{"name":"wp","href":"https:\/\/api.w.org\/{rel}","templated":true}]}}