{"id":868,"date":"2022-10-10T15:34:07","date_gmt":"2022-10-10T15:34:07","guid":{"rendered":"https:\/\/johannes-weber.de\/praxis\/?page_id=868"},"modified":"2022-10-12T12:36:13","modified_gmt":"2022-10-12T12:36:13","slug":"angst-lindern-und-aufloesen-durch-hypnose","status":"publish","type":"page","link":"https:\/\/johannes-weber.de\/praxis\/index.php\/angst-lindern-und-aufloesen-durch-hypnose\/","title":{"rendered":"Angst lindern und aufl\u00f6sen durch Hypnose"},"content":{"rendered":"<p>[et_pb_section fb_built=&#8220;1&#8243; custom_padding_last_edited=&#8220;on|phone&#8220; _builder_version=&#8220;4.18.0&#8243; _module_preset=&#8220;default&#8220; width=&#8220;99%&#8220; custom_margin=&#8220;||||false|false&#8220; custom_margin_tablet=&#8220;||||false|false&#8220; custom_margin_phone=&#8220;|||-86px|false|false&#8220; custom_margin_last_edited=&#8220;on|phone&#8220; custom_padding=&#8220;|||0px|false|false&#8220; custom_padding_tablet=&#8220;|||0px|false|false&#8220; custom_padding_phone=&#8220;|||0px|false|false&#8220; global_colors_info=&#8220;{}&#8220;][et_pb_row _builder_version=&#8220;4.18.0&#8243; _module_preset=&#8220;default&#8220; custom_margin=&#8220;|auto||125px||&#8220; global_colors_info=&#8220;{}&#8220;][et_pb_column type=&#8220;4_4&#8243; _builder_version=&#8220;4.18.0&#8243; _module_preset=&#8220;default&#8220; global_colors_info=&#8220;{}&#8220;][et_pb_text _builder_version=&#8220;4.18.0&#8243; _module_preset=&#8220;default&#8220; global_colors_info=&#8220;{}&#8220;]<\/p>\n<h1>\u00c4ngste und Panik lindern und Aufl\u00f6sen durch Hypnose<\/h1>\n<p><a href=\"#angst\">massive Einschr\u00e4nkung durch Angst<\/a><br \/><a href=\"#warum\">warum kann Hypnose bei \u00c4ngsten so gut helfen?<\/a><br \/><a href=\"#wesentliche\">die 3 wesentlichen Angstst\u00f6rungen<\/a><br \/><a href=\"#phobie\">1. Phobien<\/a><br \/><a href=\"#panik\">2. Paniksyndrom<\/a><br \/><a href=\"#generalisiert\">3. Generalisierte Angstst\u00f6rung<\/a><\/p>\n<p>Jeder Mensch hat mal Angst, das ist vollkommen nat\u00fcrlich und bewahrt nicht nur vor Schmerz sondern auch vor manchem Unheil.<\/p>\n<p><span style=\"font-size: medium;\"><\/span><\/p>\n<p>[\/et_pb_text][et_pb_image src=&#8220;https:\/\/johannes-weber.de\/praxis\/wp-content\/uploads\/2022\/10\/fear-g987c5065f_1280.jpg&#8220; _builder_version=&#8220;4.18.0&#8243; _module_preset=&#8220;default&#8220; title_text=&#8220;fear-g987c5065f_1280&#8243; hover_enabled=&#8220;0&#8243; sticky_enabled=&#8220;0&#8243;][\/et_pb_image][et_pb_text module_id=&#8220;angst&#8220; _builder_version=&#8220;4.18.0&#8243; _module_preset=&#8220;default&#8220; global_colors_info=&#8220;{}&#8220;]<\/p>\n<h2><span style=\"font-size: medium;\"><\/span><\/h2>\n<h2><a href=\"einschr\u00e4nkungen\"><span style=\"font-size: medium;\">Angst kann zu massiven Einschr\u00e4nkungen f\u00fchren<\/span><\/a><span style=\"font-size: medium;\"><\/span><span style=\"font: 8.0px Arial; font-kerning: none; font-variant-ligatures: common-ligatures; color: #221f1f; font-family: Arial; font-size: xx-small;\"><\/span><span style=\"font: 8.0px Arial; letter-spacing: -0.1px; font-variant-ligatures: common-ligatures; color: #221f1f; font-family: Arial; font-size: xx-small;\"><\/span><span style=\"font-size: medium;\"><\/span><span style=\"font-size: medium;\"><\/span><\/h2>\n<p><span style=\"font-size: medium;\"><\/span><\/p>\n<p>Wenn die Angst allerdings nicht mehr weicht, in ihrer Intensit\u00e4t mit heftigen Einschr\u00e4nkungen und \/ oder unertr\u00e4glichen k\u00f6rperlichen Symptomen einhergeht, kann es zu massiven Einschr\u00e4nkungen der Lebensqualit\u00e4t kommen.<br \/>Wenn dann auch noch konventionellen Therapien (z. B. Gespr\u00e4chstherapie, Verhaltenstherapie) nicht wirklich helfen, kann das daran liegen, dass es sich um sehr komplexe und tief verwurzelte \u00c4ngste handelt und es innere und \u00e4u\u00dfere aufrechterhaltende Umst\u00e4nde gibt.<\/p>\n<p>[\/et_pb_text][et_pb_text module_id=&#8220;warum&#8220; _builder_version=&#8220;4.18.0&#8243; _module_preset=&#8220;default&#8220; global_colors_info=&#8220;{}&#8220;]<\/p>\n<h2><span style=\"font-size: medium;\">Warum kann Hypnose bei \u00c4ngsten so gut helfen?<\/span><\/h2>\n<p>In den vorgenannten F\u00e4llen kann die Hypnosetherapie ein wahrer Segen sein weil sie ohne Umwege direkt mit dem Unterbewusstsein arbeiten kann. Dazu kommt die tiefe Entspannung die w\u00e4hrend einer Hypnose wirkt.<br \/>Angst ist immer mit Anspannung verbunden, Mit Starre oder Fluchttendenz. Wer tief entspannt ist, hat keine Angst!<br \/>Mit Hilfe der Hypnoanalyse bzw. Regression k\u00f6nnen selbst sehr gut versteckte und tief verwurzelte \u00c4ngste aufgedeckt und aufgel\u00f6st werden. Bei einfachen \u00c4ngsten und klar umschriebenen Phobien reicht oft schon eine Sitzung.<\/p>\n<p>Leider halten viele Menschen ihre \u00c4ngste viel zu lange aus und machen sich erst auf den Weg wenn es gar nicht mehr anders geht. Dabei ist es so wichtig \u00c4ngste m\u00f6glichst fr\u00fch zu bearbeiten, zu lindern und aufzul\u00f6sen! Chronische \u00c4ngste machen krank. Sie belasten das Immunsystem, k\u00f6nnen sich im K\u00f6rper als schwere Krankheitssymptome manifestieren und sind nicht selten Ausl\u00f6ser anderer Belastungen wie Zwangsst\u00f6rungen oder Depression.<\/p>\n<p>[\/et_pb_text][et_pb_text module_id=&#8220;wesentliche&#8220; _builder_version=&#8220;4.18.0&#8243; _module_preset=&#8220;default&#8220; global_colors_info=&#8220;{}&#8220;]<\/p>\n<h2><span style=\"font-size: medium;\">in meiner Praxis habe ich es im wesentlichen mit 3 Formen von Angstst\u00f6rungen zu tun<\/span><\/h2>\n<p>&#8211; Phobien,<br \/>&#8211; Paniksyndrom<br \/>&#8211; generalisierte Angstst\u00f6rung.<\/p>\n<p>[\/et_pb_text][\/et_pb_column][\/et_pb_row][et_pb_row _builder_version=&#8220;4.18.0&#8243; _module_preset=&#8220;default&#8220; custom_margin=&#8220;|auto||125px|false|false&#8220; global_colors_info=&#8220;{}&#8220;][et_pb_column type=&#8220;4_4&#8243; _builder_version=&#8220;4.18.0&#8243; _module_preset=&#8220;default&#8220; global_colors_info=&#8220;{}&#8220;][et_pb_text module_id=&#8220;phobien&#8220; _builder_version=&#8220;4.18.0&#8243; _module_preset=&#8220;default&#8220; global_colors_info=&#8220;{}&#8220;]<\/p>\n<h2><span style=\"font-size: medium;\">1. Phobien<\/span><\/h2>\n<p><span style=\"font-size: medium;\">Phobien sind konkrete \u00c4ngste vor bestimmten Situationen, Menschen, Tieren oder Objekten.<br \/>Die bekannteren Beispiele sind Hunde-, Spinnen- und Schlangen-Angst, H\u00f6henangst, Angst vor Spritzen, Agoraphobie (Angst vor weiten Pl\u00e4tzen) und Klaustrophobie (Angst vor engen R\u00e4umen.), Angst vor Br\u00fccken, Pr\u00fcfungen, Dunkelheit und viele mehr.<br \/>Typisch f\u00fcr Phobien sind blitzartige Attacken von Todesangst, verbunden mit Atemnot, Angstschwei\u00df und Herzrasen. Magen und Darm fangen an, sich zu verkrampfen, Schwindel, Kopfschmerz und \u00dcbelkeit setzen ein, Panik macht sich im ganzen K\u00f6rper breit. Spezifische Phobien, wie die panische Angst vor Spinnen, Schlangen, engen R\u00e4umen oder H\u00f6he f\u00fchren h\u00e4ufig zu zwanghaftem Verhalten oder komplettem Vermeiden der Panik ausl\u00f6senden Situationen. Sie schr\u00e4nken sich selbst immer mehr ein, was in der Folge die Lebensqualit\u00e4t oder den Berufsalltag behindert.<br \/><\/span><\/p>\n<h3><span style=\"font-size: medium;\">Die h\u00e4ufigsten Phobien sind<\/span><\/h3>\n<p><span style=\"font-size: medium;\"><\/span><span style=\"font-size: medium;\">\u2022 Arachnophobie: Angst vor Spinnen. Die H\u00e4lfte aller Frauen und 10 Prozent aller M\u00e4nner haben in gewissen Graden Angst vor Spinnen.<br \/>\u2022 Soziale Phobie: Angst. in sozialen Situationen negativ bewertet zu werden.<br \/>\u2022 Aerophobie: Angst zu fliegen.<br \/>\u2022 Agoraphobie: Angst vor allen Orten oder Situationen, in denen Flucht nicht m\u00f6glich oder schwierig ist oder in denen keine Hilfe verf\u00fcgbar ist, falls pl\u00f6tzliche Panik-Symptome auftreten sollten.<br \/>\u2022 Klaustrophobie: Angst vor engen R\u00e4umen .<br \/>\u2022 Akrophobie: Angst vor H\u00f6hen.<br \/>\u2022 Emetophobie: Angst zu erbrechen.<br \/>\u2022 Karzinophobie: Angst vor Krebs.<br \/>\u2022 Nekrophobie: Angst vor dem Tod oder vor toten Dingen.<\/span><\/p>\n<h2><span style=\"font-size: medium;\">Phobien k\u00f6nnen einfach, komplex oder maskierend sein<\/span><\/h2>\n<p>Eine einfache, umschriebene Phobie hat oft keinen emotionalen Hintergrund. Diese Phobien lassen sich mit einer symptomorientierten Behandlung gew\u00f6hnlich sehr schnell aufl\u00f6sen.<br \/>Eine Komplexe Phobie hat einen Bezug zu vielen Ereignissen der Vergangenheit , die zu phobischen Reaktionen gef\u00fchrt haben.<br \/>Phobien k\u00f6nnen auch ein anderes Problem maskieren. Hier verdeckt die Phobie ein \u201edahinterstehendes\u201c Problem (z. B. Probleme mit dem Partner). Diese Phobien sind eher selten.<\/p>\n<p>[\/et_pb_text][\/et_pb_column][\/et_pb_row][et_pb_row _builder_version=&#8220;4.18.0&#8243; _module_preset=&#8220;default&#8220; custom_margin=&#8220;|||125px|false|false&#8220; global_colors_info=&#8220;{}&#8220;][et_pb_column type=&#8220;4_4&#8243; _builder_version=&#8220;4.18.0&#8243; _module_preset=&#8220;default&#8220; global_colors_info=&#8220;{}&#8220;][et_pb_text module_id=&#8220;panik&#8220; _builder_version=&#8220;4.18.0&#8243; _module_preset=&#8220;default&#8220; global_colors_info=&#8220;{}&#8220;]<\/p>\n<h2><span style=\"font-size: medium;\">2. Paniksyndrom:<\/span><\/h2>\n<p>Treten Panikattacken ohne spezifische Ausl\u00f6ser auf, sprechen wir von einem Paniksyndrom. Auch hier gehen die Attacken meist mit Schwitzen, Herzrasen und Schwindel sowie mit dem Gef\u00fchl, sterben zu m\u00fcssen oder ver\u00adr\u00fcckt zu werden, einher. Da die Attacken in \u00f6ffentlichen und sozialen Situationen besonders peinlich sind, entwickelt sich oft eine sekund\u00e4re Agoraphobie, also ein Vermeiden von \u00f6ffentlichen Situationen wie Einkaufen, Restaurantbesuche und Reisen. Panikattacken machen es den Betroffenen oft unm\u00f6glich, ihr Leben normal und unbeschwert weiterzuf\u00fchren.<\/p>\n<p>[\/et_pb_text][\/et_pb_column][\/et_pb_row][et_pb_row _builder_version=&#8220;4.18.0&#8243; _module_preset=&#8220;default&#8220; custom_margin=&#8220;|||125px|false|false&#8220; global_colors_info=&#8220;{}&#8220;][et_pb_column type=&#8220;4_4&#8243; _builder_version=&#8220;4.18.0&#8243; _module_preset=&#8220;default&#8220; global_colors_info=&#8220;{}&#8220;][et_pb_text module_id=&#8220;generalisiert&#8220; _builder_version=&#8220;4.18.0&#8243; _module_preset=&#8220;default&#8220; global_colors_info=&#8220;{}&#8220;]<\/p>\n<h2><span style=\"font-size: medium;\">3. generalisierte Angstst\u00f6rung:<\/span><\/h2>\n<p>Ein Mensch der unter generalisierter Angstst\u00f6rung leidet hat ein generell erh\u00f6htes Angstniveau. Dabei sind die \u00c4ngste diffus oder ohne konkreten Anlass. Bei generalisierten \u00c4ngsten liegt oft ein gr\u00f6\u00dferer St\u00f6rungsgrad vor als bei Phobien oder Panikst\u00f6rungen, so dass die Behandlung entsprechend auf\u00ad wendiger ist. Psychodynamische Ursachen (verdr\u00e4ngte traumatische Erfahrungen und \/ oder unbewusste Konflikte) spielen in aller Regel eine gr\u00f6\u00dfere Rolle.<\/p>\n<p>[\/et_pb_text][\/et_pb_column][\/et_pb_row][\/et_pb_section]<\/p>\n","protected":false},"excerpt":{"rendered":"<p>\u00c4ngste und Panik lindern und Aufl\u00f6sen durch Hypnose massive Einschr\u00e4nkung durch Angstwarum kann Hypnose bei \u00c4ngsten so gut helfen?die 3 wesentlichen Angstst\u00f6rungen1. Phobien2. Paniksyndrom3. Generalisierte Angstst\u00f6rung Jeder Mensch hat mal Angst, das ist vollkommen nat\u00fcrlich und bewahrt nicht nur vor Schmerz sondern auch vor manchem Unheil. Angst kann zu massiven Einschr\u00e4nkungen f\u00fchren Wenn die Angst [&hellip;]<\/p>\n","protected":false},"author":1,"featured_media":0,"parent":0,"menu_order":0,"comment_status":"closed","ping_status":"closed","template":"","meta":{"_et_pb_use_builder":"on","_et_pb_old_content":"","_et_gb_content_width":"","footnotes":""},"class_list":["post-868","page","type-page","status-publish","hentry"],"aioseo_notices":[],"_links":{"self":[{"href":"https:\/\/johannes-weber.de\/praxis\/index.php\/wp-json\/wp\/v2\/pages\/868","targetHints":{"allow":["GET"]}}],"collection":[{"href":"https:\/\/johannes-weber.de\/praxis\/index.php\/wp-json\/wp\/v2\/pages"}],"about":[{"href":"https:\/\/johannes-weber.de\/praxis\/index.php\/wp-json\/wp\/v2\/types\/page"}],"author":[{"embeddable":true,"href":"https:\/\/johannes-weber.de\/praxis\/index.php\/wp-json\/wp\/v2\/users\/1"}],"replies":[{"embeddable":true,"href":"https:\/\/johannes-weber.de\/praxis\/index.php\/wp-json\/wp\/v2\/comments?post=868"}],"version-history":[{"count":10,"href":"https:\/\/johannes-weber.de\/praxis\/index.php\/wp-json\/wp\/v2\/pages\/868\/revisions"}],"predecessor-version":[{"id":910,"href":"https:\/\/johannes-weber.de\/praxis\/index.php\/wp-json\/wp\/v2\/pages\/868\/revisions\/910"}],"wp:attachment":[{"href":"https:\/\/johannes-weber.de\/praxis\/index.php\/wp-json\/wp\/v2\/media?parent=868"}],"curies":[{"name":"wp","href":"https:\/\/api.w.org\/{rel}","templated":true}]}}