{"id":932,"date":"2022-11-18T15:31:12","date_gmt":"2022-11-18T15:31:12","guid":{"rendered":"https:\/\/johannes-weber.de\/praxis\/?page_id=932"},"modified":"2022-11-18T16:31:30","modified_gmt":"2022-11-18T16:31:30","slug":"hilfe-bei-stress","status":"publish","type":"page","link":"https:\/\/johannes-weber.de\/praxis\/index.php\/hilfe-bei-stress\/","title":{"rendered":"Hilfe bei Stress"},"content":{"rendered":"\n[et_pb_section fb_built=&#8220;1&#8243; custom_padding_last_edited=&#8220;on|phone&#8220; admin_label=&#8220;Section&#8220; _builder_version=&#8220;4.18.0&#8243; _module_preset=&#8220;default&#8220; width=&#8220;99%&#8220; custom_margin=&#8220;||||false|false&#8220; custom_margin_tablet=&#8220;||||false|false&#8220; custom_margin_phone=&#8220;|||-86px|false|false&#8220; custom_margin_last_edited=&#8220;on|phone&#8220; custom_padding=&#8220;|||0px|false|false&#8220; custom_padding_tablet=&#8220;|||0px|false|false&#8220; custom_padding_phone=&#8220;|||0px|false|false&#8220; global_colors_info=&#8220;{}&#8220;][et_pb_row _builder_version=&#8220;4.18.0&#8243; _module_preset=&#8220;default&#8220; custom_margin=&#8220;|auto||125px||&#8220; global_colors_info=&#8220;{}&#8220;][et_pb_column type=&#8220;4_4&#8243; _builder_version=&#8220;4.18.0&#8243; _module_preset=&#8220;default&#8220; global_colors_info=&#8220;{}&#8220;][et_pb_text _builder_version=&#8220;4.18.0&#8243; _module_preset=&#8220;default&#8220; global_colors_info=&#8220;{}&#8220;]<h1>Hilfe bei Stress<\/h1>\n<p>&nbsp;<\/p>\n<p>Laut Umfragen f\u00fchlen sich heute mehr als 80% der Menschen zumindest zeitweise gestresst. <br \/>Wir unterscheiden zwischen positivem (Eustress) und negativem (Disstress) Stress.<br \/>Positiver Stress tritt in Situationen auf, die uns zwar herausfordert, aber auch l\u00f6sbar sind und kann uns befl\u00fcgeln. <br \/>Wenn er allerdings zu lange andauert, kann auch er zu negativem Stress werden.<br \/><span style=\"font-size: medium;\"><\/span><\/p>\n<p><a href=\"#woher\">Woher kommt Stress?<\/a><br \/><a href=\"#warum\">Warum schadet Stress?<\/a><br \/><a href=\"#wie\">Wie hilft Hypnose?<\/a><\/p>\n<p><span style=\"font-size: medium;\"><\/span><\/p>[\/et_pb_text][et_pb_image src=&#8220;https:\/\/johannes-weber.de\/praxis\/wp-content\/uploads\/2022\/11\/hectic-g2f61fc77d_1280.jpg&#8220; title_text=&#8220;hectic-g2f61fc77d_1280&#8243; _builder_version=&#8220;4.19.0&#8243; _module_preset=&#8220;default&#8220; global_colors_info=&#8220;{}&#8220;][\/et_pb_image][et_pb_text module_id=&#8220;woher&#8220; _builder_version=&#8220;4.19.0&#8243; _module_preset=&#8220;default&#8220; global_colors_info=&#8220;{}&#8220;]<h2><span style=\"font-size: medium;\">Woher kommt Stress?<\/span><span style=\"font-size: medium;\"><\/span><span style=\"font: 8.0px Arial; font-kerning: none; font-variant-ligatures: common-ligatures; color: #221f1f; font-family: Arial; font-size: xx-small;\"><\/span><span style=\"font: 8.0px Arial; letter-spacing: -0.1px; font-variant-ligatures: common-ligatures; color: #221f1f; font-family: Arial; font-size: xx-small;\"><\/span><span style=\"font-size: medium;\"><\/span><span style=\"font-size: medium;\"><\/span><\/h2>\n<p><span style=\"font-size: medium;\"><\/span><\/p>\n<p>Im Grunde sind wir perfekt eingerichtet um uns vor Gefahren zu sch\u00fctzen.<br \/>Erkennen wir eine Gefahr, dann l\u00f6st unser Gehirn biochemische Prozesse aus die den K\u00f6rper in Alarmbereitschaft versetzen.<br \/>Die freigesetzten Stresshormone f\u00fchren dazu, dass wir besonders aufmerksam und fokussiert sind.<br \/>Dadurch kann der K\u00f6rper instinktiver und schneller reagieren. F\u00fcr unsere Vorfahren, die sich z.B. oft vor wilden Tieren fl\u00fcchten mussten,<br \/>war dieser Mechanismus oft lebensrettend.<\/p>\n<p>Heute sind die Stressoren in den meisten F\u00e4llen ganz anders. Die Abl\u00e4ufe im K\u00f6rper sind aber die Gleichen geblieben.<br \/>Wir leiden heute eher unter:<br \/>* Leistungsdruck<br \/>* Zeitdruck<br \/>* komplexen Konflikten<br \/>* Reiz\u00fcberflutung<br \/>* L\u00e4rm<br \/>* etc.<\/p>[\/et_pb_text][et_pb_text module_id=&#8220;warum&#8220; _builder_version=&#8220;4.19.0&#8243; _module_preset=&#8220;default&#8220; global_colors_info=&#8220;{}&#8220;]<h2><span style=\"font-size: medium;\">Warum schadet Stress?<\/span><\/h2>\n<p>Den meisten dieser Stressoren k\u00f6nnen wir uns nicht mehr so leicht entziehen und so k\u00f6nnen sie sich summieren bis das Fass voll ist.<br \/>Es l\u00e4uft \u00fcber. Der K\u00f6rper reagiert mit Symptomen bis hin zu chronischen Erkrankungen.<br \/>Auf Dauer ist Stress also eher negativ, sch\u00e4dlich f\u00fcr unseren K\u00f6rper und kann sogar das Leben verk\u00fcrzen.<\/p>\n<p>typische Stressfolgeerkrankungen sind:<br \/>* Burnout<br \/>* Angstst\u00f6rung<br \/>* Migr\u00e4ne<br \/>* Suchterkrankung<br \/>* Schlafst\u00f6rung<br \/>* Depression<br \/>* Herzinfarkt<br \/>* Diabetes<br \/>* dermatologische Leiden wie Herpes und Neurodermitis<\/p>[\/et_pb_text][et_pb_text module_id=&#8220;wie&#8220; _builder_version=&#8220;4.19.0&#8243; _module_preset=&#8220;default&#8220; custom_padding=&#8220;0px|||||&#8220; global_colors_info=&#8220;{}&#8220;]<h2><span style=\"font-size: medium;\">Wie hilft Hypnose?<\/span><\/h2>\n<p>Hier kommt die gute Nachricht:<br \/>Wir k\u00f6nnen den Pegel in unserem Stressfass durch Entspannung schon im Vorfeld so absenken, dass es auch bei hoher Stressbelastung nicht zwangsweise<br \/>zu Krankheiten kommen muss. Wir k\u00f6nnen Entspannung als direkten Gegenpol zu Stress verstehen.<br \/>Durch Hypnose und Selbsthypnose k\u00f6nnen wir uns innerhalb k\u00fcrzester Zeit in einen Zustand der Entspannung versetzen.<br \/>So kann eine Stresssituationen oft aufgel\u00f6st, zumindest aber entsch\u00e4rft werden.<br \/>Dar\u00fcber hinaus k\u00f6nnen wir in der Selbsthypnose negative \u00dcberzeugungen und Glaubenss\u00e4tze so positiv ver\u00e4ndern, so dass sie nicht mehr zur Stressentstehung beitragen.<br \/>Oft gen\u00fcgt nur eine Sitzung bei einem erfahrenen Hypnosetherapeuten mit anschliessender \u00dcbung um eine hohe Widerstandskraft gegen Stress aufzubauen.<\/p>[\/et_pb_text][et_pb_text module_id=&#8220;gewichtsprobleme&#8220; _builder_version=&#8220;4.18.0&#8243; _module_preset=&#8220;default&#8220; global_colors_info=&#8220;{}&#8220;][\/et_pb_text][\/et_pb_column][\/et_pb_row][\/et_pb_section]\n","protected":false},"excerpt":{"rendered":"<p>Hilfe bei Stress &nbsp; Laut Umfragen f\u00fchlen sich heute mehr als 80% der Menschen zumindest zeitweise gestresst. Wir unterscheiden zwischen positivem (Eustress) und negativem (Disstress) Stress.Positiver Stress tritt in Situationen auf, die uns zwar herausfordert, aber auch l\u00f6sbar sind und kann uns befl\u00fcgeln. Wenn er allerdings zu lange andauert, kann auch er zu negativem Stress [&hellip;]<\/p>\n","protected":false},"author":1,"featured_media":0,"parent":0,"menu_order":0,"comment_status":"closed","ping_status":"closed","template":"","meta":{"_et_pb_use_builder":"on","_et_pb_old_content":"","_et_gb_content_width":"","footnotes":""},"class_list":["post-932","page","type-page","status-publish","hentry"],"aioseo_notices":[],"_links":{"self":[{"href":"https:\/\/johannes-weber.de\/praxis\/index.php\/wp-json\/wp\/v2\/pages\/932","targetHints":{"allow":["GET"]}}],"collection":[{"href":"https:\/\/johannes-weber.de\/praxis\/index.php\/wp-json\/wp\/v2\/pages"}],"about":[{"href":"https:\/\/johannes-weber.de\/praxis\/index.php\/wp-json\/wp\/v2\/types\/page"}],"author":[{"embeddable":true,"href":"https:\/\/johannes-weber.de\/praxis\/index.php\/wp-json\/wp\/v2\/users\/1"}],"replies":[{"embeddable":true,"href":"https:\/\/johannes-weber.de\/praxis\/index.php\/wp-json\/wp\/v2\/comments?post=932"}],"version-history":[{"count":12,"href":"https:\/\/johannes-weber.de\/praxis\/index.php\/wp-json\/wp\/v2\/pages\/932\/revisions"}],"predecessor-version":[{"id":962,"href":"https:\/\/johannes-weber.de\/praxis\/index.php\/wp-json\/wp\/v2\/pages\/932\/revisions\/962"}],"wp:attachment":[{"href":"https:\/\/johannes-weber.de\/praxis\/index.php\/wp-json\/wp\/v2\/media?parent=932"}],"curies":[{"name":"wp","href":"https:\/\/api.w.org\/{rel}","templated":true}]}}