{"id":969,"date":"2023-04-20T09:17:01","date_gmt":"2023-04-20T09:17:01","guid":{"rendered":"https:\/\/johannes-weber.de\/praxis\/?page_id=969"},"modified":"2023-04-20T11:41:17","modified_gmt":"2023-04-20T11:41:17","slug":"hilfe-bei-traumata-und-ptbs","status":"publish","type":"page","link":"https:\/\/johannes-weber.de\/praxis\/index.php\/hilfe-bei-traumata-und-ptbs\/","title":{"rendered":"Aufl\u00f6sen von Traumata Hilfe bei PTBS"},"content":{"rendered":"<p>[et_pb_section fb_built=&#8220;1&#8243; custom_padding_last_edited=&#8220;on|phone&#8220; _builder_version=&#8220;4.18.0&#8243; _module_preset=&#8220;default&#8220; width=&#8220;99%&#8220; custom_margin=&#8220;||||false|false&#8220; custom_margin_tablet=&#8220;||||false|false&#8220; custom_margin_phone=&#8220;|||-86px|false|false&#8220; custom_margin_last_edited=&#8220;on|phone&#8220; custom_padding=&#8220;|||0px|false|false&#8220; custom_padding_tablet=&#8220;|||0px|false|false&#8220; custom_padding_phone=&#8220;|||0px|false|false&#8220; global_colors_info=&#8220;{}&#8220;][et_pb_row _builder_version=&#8220;4.18.0&#8243; _module_preset=&#8220;default&#8220; custom_margin=&#8220;|auto||125px||&#8220; global_colors_info=&#8220;{}&#8220;][et_pb_column type=&#8220;4_4&#8243; _builder_version=&#8220;4.18.0&#8243; _module_preset=&#8220;default&#8220; global_colors_info=&#8220;{}&#8220;][et_pb_text _builder_version=&#8220;4.20.2&#8243; _module_preset=&#8220;default&#8220; global_colors_info=&#8220;{}&#8220;]<\/p>\n<h1><\/h1>\n<h1>Aufl\u00f6sen von Traumata und Hilfe bei Postraumatischer Belastungsst\u00f6rung (PTBS)<\/h1>\n<p>&nbsp;<\/p>\n<p>Hypnosetherapie kann eine \u00e4u\u00dferst wirksame Behandlungsmethode f\u00fcr Menschen sein, die unter Trauma oder Posttraumatischen Belastungsst\u00f6rungen (PTBS) leiden. Mit Hypnose k\u00f6nnen wir tiefe Entspannungszust\u00e4nde erreichen, die es uns erm\u00f6glichen, uns sicher und gesch\u00fctzt zu f\u00fchlen, w\u00e4hrend wir uns mit den zugrunde liegenden Traumata auseinandersetzen.<span style=\"font-size: medium;\"><\/span><\/p>\n<p><a href=\"#emotion\">Reise ins Unterbewusstsein<\/a><br \/><a href=\"#Angst\">Angst und Unruhe reduzieren<\/a><br \/><a href=\"#gewichtsprobleme\"><\/a><\/p>\n<p><span style=\"font-size: medium;\"><\/span><\/p>\n<p>[\/et_pb_text][et_pb_image src=&#8220;https:\/\/johannes-weber.de\/praxis\/wp-content\/uploads\/2023\/04\/julia-taubitz-tZqYudVcsP0-unsplash-scaled.jpg&#8220; title_text=&#8220;julia-taubitz-tZqYudVcsP0-unsplash&#8220; _builder_version=&#8220;4.20.2&#8243; _module_preset=&#8220;default&#8220; global_colors_info=&#8220;{}&#8220;][\/et_pb_image][et_pb_text module_id=&#8220;Unterbewusstsein&#8220; _builder_version=&#8220;4.20.2&#8243; _module_preset=&#8220;default&#8220; hover_enabled=&#8220;0&#8243; global_colors_info=&#8220;{}&#8220; sticky_enabled=&#8220;0&#8243;]<\/p>\n<h2><span style=\"font-size: medium;\">Reise ins Unterbewusstsein<\/span><span style=\"font-size: medium;\"><\/span><span style=\"font: 8.0px Arial; font-kerning: none; font-variant-ligatures: common-ligatures; color: #221f1f; font-family: Arial; font-size: xx-small;\"><\/span><span style=\"font: 8.0px Arial; letter-spacing: -0.1px; font-variant-ligatures: common-ligatures; color: #221f1f; font-family: Arial; font-size: xx-small;\"><\/span><span style=\"font-size: medium;\"><\/span><span style=\"font-size: medium;\"><\/span><\/h2>\n<p><span style=\"font-size: medium;\"><\/span><\/p>\n<p>In der Hypnosetherapie k\u00f6nnen wir uns auf eine Reise zu Ihrem Unterbewusstsein begeben, wo Sie Ihre Gedanken und Gef\u00fchle besser verstehen und verarbeiten k\u00f6nnen. In Trance k\u00f6nnen Sie die traumatischen Erlebnisse neu interpretieren und transformieren, um eine tiefere Heilung zu erreichen.<\/p>\n<p>[\/et_pb_text][et_pb_text module_id=&#8220;Angst&#8220; _builder_version=&#8220;4.20.2&#8243; _module_preset=&#8220;default&#8220; hover_enabled=&#8220;0&#8243; global_colors_info=&#8220;{}&#8220; sticky_enabled=&#8220;0&#8243;]<\/p>\n<h2><span style=\"font-size: medium;\">Angst und Unruhe reduzieren<br \/><\/span><\/h2>\n<p>Hypnosetherapie bietet eine sanfte und sichere Methode, um tief verwurzelte negative Emotionen und Gedanken zu bearbeiten, die mit Trauma und PTBS verbunden sind. Sie k\u00f6nnen Ihre Angst und Unruhe reduzieren, um eine bessere Lebensqualit\u00e4t und Wohlbefinden zu erreichen.<br \/>Wenn Sie unter Trauma oder PTBS leiden und nach einer wirksamen und sicheren Behandlungsmethode suchen, dann ist Hypnosetherapie m\u00f6glicherweise die richtige Wahl f\u00fcr Sie. Beginnen Sie noch heute mit Ihrer Reise zu einem ges\u00fcnderen und gl\u00fccklicheren Leben.<\/p>\n<p>[\/et_pb_text][\/et_pb_column][\/et_pb_row][\/et_pb_section]<\/p>\n","protected":false},"excerpt":{"rendered":"<p>Aufl\u00f6sen von Traumata und Hilfe bei Postraumatischer Belastungsst\u00f6rung (PTBS) &nbsp; Hypnosetherapie kann eine \u00e4u\u00dferst wirksame Behandlungsmethode f\u00fcr Menschen sein, die unter Trauma oder Posttraumatischen Belastungsst\u00f6rungen (PTBS) leiden. Mit Hypnose k\u00f6nnen wir tiefe Entspannungszust\u00e4nde erreichen, die es uns erm\u00f6glichen, uns sicher und gesch\u00fctzt zu f\u00fchlen, w\u00e4hrend wir uns mit den zugrunde liegenden Traumata auseinandersetzen. Reise ins [&hellip;]<\/p>\n","protected":false},"author":1,"featured_media":0,"parent":0,"menu_order":0,"comment_status":"closed","ping_status":"closed","template":"","meta":{"_et_pb_use_builder":"on","_et_pb_old_content":"","_et_gb_content_width":"","footnotes":""},"class_list":["post-969","page","type-page","status-publish","hentry"],"aioseo_notices":[],"_links":{"self":[{"href":"https:\/\/johannes-weber.de\/praxis\/index.php\/wp-json\/wp\/v2\/pages\/969","targetHints":{"allow":["GET"]}}],"collection":[{"href":"https:\/\/johannes-weber.de\/praxis\/index.php\/wp-json\/wp\/v2\/pages"}],"about":[{"href":"https:\/\/johannes-weber.de\/praxis\/index.php\/wp-json\/wp\/v2\/types\/page"}],"author":[{"embeddable":true,"href":"https:\/\/johannes-weber.de\/praxis\/index.php\/wp-json\/wp\/v2\/users\/1"}],"replies":[{"embeddable":true,"href":"https:\/\/johannes-weber.de\/praxis\/index.php\/wp-json\/wp\/v2\/comments?post=969"}],"version-history":[{"count":6,"href":"https:\/\/johannes-weber.de\/praxis\/index.php\/wp-json\/wp\/v2\/pages\/969\/revisions"}],"predecessor-version":[{"id":1008,"href":"https:\/\/johannes-weber.de\/praxis\/index.php\/wp-json\/wp\/v2\/pages\/969\/revisions\/1008"}],"wp:attachment":[{"href":"https:\/\/johannes-weber.de\/praxis\/index.php\/wp-json\/wp\/v2\/media?parent=969"}],"curies":[{"name":"wp","href":"https:\/\/api.w.org\/{rel}","templated":true}]}}